{"id":764,"date":"2015-04-02T07:24:56","date_gmt":"2015-04-02T07:24:56","guid":{"rendered":"http:\/\/www.us5center.com\/es\/tournaments\/"},"modified":"2016-11-12T01:49:59","modified_gmt":"2016-11-12T01:49:59","slug":"tournaments","status":"publish","type":"page","link":"https:\/\/www.us5center.com\/es\/tournaments\/","title":{"rendered":"Torneos"},"content":{"rendered":"<p><strong>Participe en nuestros prestigiosos torneos durante todo el a\u00f1o<\/strong><\/p>\n<p>Te gusta la competencia y el juego limpio? Participa en  los torneos de centros de US5 center.<\/p>\n<p>Disfrutar de la experiencia del centro US5 tiene que ofrecer y jugar torneos durante todo el a\u00f1o.<br \/>\nDonde el juego limpio y el esp\u00edritu de equipo es nuestro lema: \u00e1rbitros certificados, estad\u00edsticas, ceremonia de premiaci\u00f3n y muchos premios para ganar.<\/p>\n<p>todos nuestros campos son de cesped artificial y est\u00e1n equipados con c\u00e1maras de alta definici\u00f3n. Video de los juegos estar\u00e1 disponible de forma gratuita en el internet o en nuestro club de US5Center.<br \/>\nObtenga su jerseys personalizado para unirse a la competencia y defender sus colores.<\/p>\n<p>No espere para ver nuestro calendario (muy pronto).<\/p>\n","protected":false},"excerpt":{"rendered":"<p>Participe en nuestros prestigiosos torneos durante todo el a\u00f1o Te gusta la competencia <a class=\"read-more\" href=\"https:\/\/www.us5center.com\/es\/tournaments\/\">Read More&#8230;<\/a><\/p>\n","protected":false},"author":1,"featured_media":0,"parent":0,"menu_order":6,"comment_status":"open","ping_status":"open","template":"","meta":{"footnotes":""},"class_list":["post-764","page","type-page","status-publish","hentry"],"_links":{"self":[{"href":"https:\/\/www.us5center.com\/es\/wp-json\/wp\/v2\/pages\/764","targetHints":{"allow":["GET"]}}],"collection":[{"href":"https:\/\/www.us5center.com\/es\/wp-json\/wp\/v2\/pages"}],"about":[{"href":"https:\/\/www.us5center.com\/es\/wp-json\/wp\/v2\/types\/page"}],"author":[{"embeddable":true,"href":"https:\/\/www.us5center.com\/es\/wp-json\/wp\/v2\/users\/1"}],"replies":[{"embeddable":true,"href":"https:\/\/www.us5center.com\/es\/wp-json\/wp\/v2\/comments?post=764"}],"version-history":[{"count":4,"href":"https:\/\/www.us5center.com\/es\/wp-json\/wp\/v2\/pages\/764\/revisions"}],"predecessor-version":[{"id":943,"href":"https:\/\/www.us5center.com\/es\/wp-json\/wp\/v2\/pages\/764\/revisions\/943"}],"wp:attachment":[{"href":"https:\/\/www.us5center.com\/es\/wp-json\/wp\/v2\/media?parent=764"}],"curies":[{"name":"wp","href":"https:\/\/api.w.org\/{rel}","templated":true}]}}